{"id":42,"date":"2024-07-14T22:48:09","date_gmt":"2024-07-14T22:48:09","guid":{"rendered":"https:\/\/mepglobal.com.tr\/?page_id=42"},"modified":"2024-07-17T20:39:03","modified_gmt":"2024-07-17T20:39:03","slug":"yasal-bilgilendirme","status":"publish","type":"page","link":"https:\/\/mepglobal.com.tr\/en\/yasal-bilgilendirme\/","title":{"rendered":"Legal Information"},"content":{"rendered":"<div data-elementor-type=\"wp-page\" data-elementor-id=\"42\" class=\"elementor elementor-42\" data-elementor-post-type=\"page\">\n\t\t\t\t<div class=\"elementor-element elementor-element-a7ccec9 e-flex e-con-boxed e-con e-parent\" data-id=\"a7ccec9\" data-element_type=\"container\" data-settings=\"{&quot;background_background&quot;:&quot;classic&quot;}\">\n\t\t\t\t\t<div class=\"e-con-inner\">\n\t\t\t\t\t<\/div>\n\t\t\t\t<\/div>\n\t\t\t\t<section class=\"elementor-section elementor-top-section elementor-element elementor-element-5e34dcb5 elementor-section-boxed elementor-section-height-default elementor-section-height-default\" data-id=\"5e34dcb5\" data-element_type=\"section\">\n\t\t\t\t\t\t<div class=\"elementor-container elementor-column-gap-default\">\n\t\t\t\t\t<div class=\"elementor-column elementor-col-100 elementor-top-column elementor-element elementor-element-1cef9906\" data-id=\"1cef9906\" data-element_type=\"column\">\n\t\t\t<div class=\"elementor-widget-wrap elementor-element-populated\">\n\t\t\t\t\t\t<div class=\"elementor-element elementor-element-6fbea7ad elementor-widget elementor-widget-heading\" data-id=\"6fbea7ad\" data-element_type=\"widget\" data-widget_type=\"heading.default\">\n\t\t\t\t<div class=\"elementor-widget-container\">\n\t\t\t<style>\/*! elementor - v3.23.0 - 15-07-2024 *\/\n.elementor-heading-title{padding:0;margin:0;line-height:1}.elementor-widget-heading .elementor-heading-title[class*=elementor-size-]>a{color:inherit;font-size:inherit;line-height:inherit}.elementor-widget-heading .elementor-heading-title.elementor-size-small{font-size:15px}.elementor-widget-heading .elementor-heading-title.elementor-size-medium{font-size:19px}.elementor-widget-heading .elementor-heading-title.elementor-size-large{font-size:29px}.elementor-widget-heading .elementor-heading-title.elementor-size-xl{font-size:39px}.elementor-widget-heading .elementor-heading-title.elementor-size-xxl{font-size:59px}<\/style><h4 class=\"elementor-heading-title elementor-size-default\">Cookie Policy<\/h4>\t\t<\/div>\n\t\t\t\t<\/div>\n\t\t\t\t<div class=\"elementor-element elementor-element-7fc8d74 elementor-widget-divider--view-line elementor-widget elementor-widget-divider\" data-id=\"7fc8d74\" data-element_type=\"widget\" data-widget_type=\"divider.default\">\n\t\t\t\t<div class=\"elementor-widget-container\">\n\t\t\t<style>\/*! elementor - v3.23.0 - 15-07-2024 *\/\n.elementor-widget-divider{--divider-border-style:none;--divider-border-width:1px;--divider-color:#0c0d0e;--divider-icon-size:20px;--divider-element-spacing:10px;--divider-pattern-height:24px;--divider-pattern-size:20px;--divider-pattern-url:none;--divider-pattern-repeat:repeat-x}.elementor-widget-divider .elementor-divider{display:flex}.elementor-widget-divider .elementor-divider__text{font-size:15px;line-height:1;max-width:95%}.elementor-widget-divider .elementor-divider__element{margin:0 var(--divider-element-spacing);flex-shrink:0}.elementor-widget-divider .elementor-icon{font-size:var(--divider-icon-size)}.elementor-widget-divider .elementor-divider-separator{display:flex;margin:0;direction:ltr}.elementor-widget-divider--view-line_icon .elementor-divider-separator,.elementor-widget-divider--view-line_text .elementor-divider-separator{align-items:center}.elementor-widget-divider--view-line_icon .elementor-divider-separator:after,.elementor-widget-divider--view-line_icon .elementor-divider-separator:before,.elementor-widget-divider--view-line_text .elementor-divider-separator:after,.elementor-widget-divider--view-line_text .elementor-divider-separator:before{display:block;content:\"\";border-block-end:0;flex-grow:1;border-block-start:var(--divider-border-width) var(--divider-border-style) var(--divider-color)}.elementor-widget-divider--element-align-left .elementor-divider .elementor-divider-separator>.elementor-divider__svg:first-of-type{flex-grow:0;flex-shrink:100}.elementor-widget-divider--element-align-left .elementor-divider-separator:before{content:none}.elementor-widget-divider--element-align-left .elementor-divider__element{margin-left:0}.elementor-widget-divider--element-align-right .elementor-divider .elementor-divider-separator>.elementor-divider__svg:last-of-type{flex-grow:0;flex-shrink:100}.elementor-widget-divider--element-align-right .elementor-divider-separator:after{content:none}.elementor-widget-divider--element-align-right .elementor-divider__element{margin-right:0}.elementor-widget-divider--element-align-start .elementor-divider .elementor-divider-separator>.elementor-divider__svg:first-of-type{flex-grow:0;flex-shrink:100}.elementor-widget-divider--element-align-start .elementor-divider-separator:before{content:none}.elementor-widget-divider--element-align-start .elementor-divider__element{margin-inline-start:0}.elementor-widget-divider--element-align-end .elementor-divider .elementor-divider-separator>.elementor-divider__svg:last-of-type{flex-grow:0;flex-shrink:100}.elementor-widget-divider--element-align-end .elementor-divider-separator:after{content:none}.elementor-widget-divider--element-align-end .elementor-divider__element{margin-inline-end:0}.elementor-widget-divider:not(.elementor-widget-divider--view-line_text):not(.elementor-widget-divider--view-line_icon) .elementor-divider-separator{border-block-start:var(--divider-border-width) var(--divider-border-style) var(--divider-color)}.elementor-widget-divider--separator-type-pattern{--divider-border-style:none}.elementor-widget-divider--separator-type-pattern.elementor-widget-divider--view-line .elementor-divider-separator,.elementor-widget-divider--separator-type-pattern:not(.elementor-widget-divider--view-line) .elementor-divider-separator:after,.elementor-widget-divider--separator-type-pattern:not(.elementor-widget-divider--view-line) .elementor-divider-separator:before,.elementor-widget-divider--separator-type-pattern:not([class*=elementor-widget-divider--view]) .elementor-divider-separator{width:100%;min-height:var(--divider-pattern-height);-webkit-mask-size:var(--divider-pattern-size) 100%;mask-size:var(--divider-pattern-size) 100%;-webkit-mask-repeat:var(--divider-pattern-repeat);mask-repeat:var(--divider-pattern-repeat);background-color:var(--divider-color);-webkit-mask-image:var(--divider-pattern-url);mask-image:var(--divider-pattern-url)}.elementor-widget-divider--no-spacing{--divider-pattern-size:auto}.elementor-widget-divider--bg-round{--divider-pattern-repeat:round}.rtl .elementor-widget-divider .elementor-divider__text{direction:rtl}.e-con-inner>.elementor-widget-divider,.e-con>.elementor-widget-divider{width:var(--container-widget-width,100%);--flex-grow:var(--container-widget-flex-grow)}<\/style>\t\t<div class=\"elementor-divider\">\n\t\t\t<span class=\"elementor-divider-separator\">\n\t\t\t\t\t\t<\/span>\n\t\t<\/div>\n\t\t\t\t<\/div>\n\t\t\t\t<\/div>\n\t\t\t\t<div class=\"elementor-element elementor-element-6670ce0f elementor-widget elementor-widget-text-editor\" data-id=\"6670ce0f\" data-element_type=\"widget\" data-widget_type=\"text-editor.default\">\n\t\t\t\t<div class=\"elementor-widget-container\">\n\t\t\t<style>\/*! elementor - v3.23.0 - 15-07-2024 *\/\n.elementor-widget-text-editor.elementor-drop-cap-view-stacked .elementor-drop-cap{background-color:#69727d;color:#fff}.elementor-widget-text-editor.elementor-drop-cap-view-framed .elementor-drop-cap{color:#69727d;border:3px solid;background-color:transparent}.elementor-widget-text-editor:not(.elementor-drop-cap-view-default) .elementor-drop-cap{margin-top:8px}.elementor-widget-text-editor:not(.elementor-drop-cap-view-default) .elementor-drop-cap-letter{width:1em;height:1em}.elementor-widget-text-editor .elementor-drop-cap{float:left;text-align:center;line-height:1;font-size:50px}.elementor-widget-text-editor .elementor-drop-cap-letter{display:inline-block}<\/style>\t\t\t\t<p>As global investment Mep, in order to improve the experiences of our users who visit our web sites, we use cookies. This Cookie Policy explains what kind of cookies we use and the purpose of the use of cookies. By using our website, you consent to our use of Cookies in accordance with this policy.<\/p><p><strong>What Is A Cookie?<\/strong><\/p><p>When you visit our website through your browser cookies are small text files that are placed on your device. These files during your visits, enable us to remember your preferences and actions.<\/p><p><strong>What Types Of Cookies Do We Use?<\/strong><\/p><ol><li><strong>Necessary Cookies:<\/strong> Is required for the correct operation of our website. Our web site allows you to navigate and use the properties of these cookies.<\/li><li><strong>Functionality Cookies:<\/strong> By remembering your settings, your preferences and personalizes our website.<\/li><li><strong>Analytical\/Performance Cookies:<\/strong> Collects information about how visitors use our website, and helps improve performance.<\/li><li><strong>Advertising\/Targeting Cookies:<\/strong> Enables you to deliver advertisements specific to your interests.<\/li><\/ol><div>\u00a0<\/div><p><strong>The Management Of Cookies<\/strong><\/p><p>You can accept or reject cookies by changing your browser settings. However, if you disable cookies, you may not be able to utilize some features of our website.<\/p><p><strong>For More Information<\/strong><\/p><p>If you would like more information about our Cookie Policy, You can contact us:<\/p><ul><li><strong>Phone Number:<\/strong> +90 (312) 503 34 34<\/li><li><strong>E-Mail Address:<\/strong> info@mepglobal.com.tr<\/li><\/ul>\t\t\t\t\t\t<\/div>\n\t\t\t\t<\/div>\n\t\t\t\t<div class=\"elementor-element elementor-element-38de2865 elementor-widget elementor-widget-heading\" data-id=\"38de2865\" data-element_type=\"widget\" data-widget_type=\"heading.default\">\n\t\t\t\t<div class=\"elementor-widget-container\">\n\t\t\t<h4 class=\"elementor-heading-title elementor-size-default\">K. V. K. K. Lighting Text<\/h4>\t\t<\/div>\n\t\t\t\t<\/div>\n\t\t\t\t<div class=\"elementor-element elementor-element-65934a8 elementor-widget-divider--view-line elementor-widget elementor-widget-divider\" data-id=\"65934a8\" data-element_type=\"widget\" data-widget_type=\"divider.default\">\n\t\t\t\t<div class=\"elementor-widget-container\">\n\t\t\t\t\t<div class=\"elementor-divider\">\n\t\t\t<span class=\"elementor-divider-separator\">\n\t\t\t\t\t\t<\/span>\n\t\t<\/div>\n\t\t\t\t<\/div>\n\t\t\t\t<\/div>\n\t\t\t\t<div class=\"elementor-element elementor-element-5d84dc2b elementor-widget elementor-widget-text-editor\" data-id=\"5d84dc2b\" data-element_type=\"widget\" data-widget_type=\"text-editor.default\">\n\t\t\t\t<div class=\"elementor-widget-container\">\n\t\t\t\t\t\t\t<p>Mep as global investment, the law on protection of personal data No. 6698 (\u201cKVKK\u201d) within the scope of we place great importance on the security of your personal data. This lighting text, how we collect your personal data and how we protect hakk\u0131nda bilgiler verilmektedir.<\/p><p><strong>Responsible For Data<\/strong><\/p><p>Mep responsible for your personal data in accordance with the kvkk data about global investment and contact information is given below:<\/p><ul><li><strong>Address:<\/strong> Ahlatl\u0131bel Mh. 1844. Cd. No: 220 \u00c7ankaya \/ Ankara<\/li><li><strong>Phone Number:<\/strong> +90 (312) 503 34 34<\/li><li><strong>E-Mail Address:<\/strong> info@mepglobal.com.tr<\/li><li><strong>Website Address:<\/strong> mepglobal.com.tr<\/li><\/ul><div>\u00a0<\/div><p><strong>Purpose Of Personal Data Processing<\/strong><\/p><p>The collected personal data are processed for the following purposes:<\/p><ul><li>Analyze and improve the use of our website<\/li><li>You provide a better user experience<\/li><li>Fulfill our legal obligations<\/li><\/ul><div>\u00a0<\/div><p><strong>Methods Of Collection Of Personal Data<\/strong><\/p><p>Your personal data is automatically collected via cookies during your visit to our website.<\/p><p><strong>Protection Of Personal Data<\/strong><\/p><p>We are taking appropriate technical and administrative measures for the security of your personal data. Unauthorized access to your data, all necessary precautions are taken to prevent data loss or misuse.<\/p><p><strong>Your rights<\/strong><\/p><p>Within the scope of KVKK, you have the following rights regarding your personal data:<\/p><ul><li>If your personal data has been processed learning<\/li><li>Your personal data is processed, to request information in relation to it<\/li><li>Purposes of the processing of your personal data and whether learning is used according to their purpose<\/li><li>Your personal data is processed missing or incorrectly, if you ask for them to be corrected<\/li><li>To demand that your personal data be erased or destroyed<\/li><li>By analyzing the processed data exclusively through automated systems don&#039;t argue with the emergence of a consequence against you<\/li><li>In the event you are hurt due to the unlawful processing of your personal data, we propose to offset losses<\/li><\/ul><div>\u00a0<\/div><p><strong>Contact<\/strong><\/p><p>To use your rights under kvkk, you can contact us:<\/p><ul><li><strong>Address:<\/strong> Ahlatl\u0131bel Mh. 1844. Cd. No: 220 \u00c7ankaya \/ Ankara<\/li><li><strong>Phone Number:<\/strong> +90 (312) 503 34 34<\/li><li><strong>E-Mail Address:<\/strong> info@mepglobal.com.tr<\/li><\/ul><div>\u00a0<\/div><p>This lighting text, when needed, can be updated and updates will be announced via our website.<\/p>\t\t\t\t\t\t<\/div>\n\t\t\t\t<\/div>\n\t\t\t\t\t<\/div>\n\t\t<\/div>\n\t\t\t\t\t<\/div>\n\t\t<\/section>\n\t\t\t\t<\/div>","protected":false},"excerpt":{"rendered":"<p>\u00c7erez Politikas\u0131 olarak, web sitemizi ziyaret eden kullan\u0131c\u0131lar\u0131m\u0131z\u0131n deneyimlerini iyile\u015ftirmek amac\u0131yla \u00e7erezler kullanmaktay\u0131z. Bu \u00c7erez Politikas\u0131, hangi t\u00fcr \u00e7erezleri kulland\u0131\u011f\u0131m\u0131z\u0131 ve bu \u00e7erezlerin kullan\u0131m amac\u0131n\u0131 a\u00e7\u0131klamaktad\u0131r. Web sitemizi kullanarak, bu politikaya uygun olarak \u00e7erezlerin kullan\u0131m\u0131n\u0131 kabul etmi\u015f olursunuz. \u00c7erez Nedir? \u00c7erezler, web sitemizi ziyaret etti\u011finizde taray\u0131c\u0131n\u0131z arac\u0131l\u0131\u011f\u0131yla cihaz\u0131n\u0131za yerle\u015ftirilen k\u00fc\u00e7\u00fck metin dosyalar\u0131d\u0131r. Bu dosyalar, ziyaretleriniz [&hellip;]<\/p>","protected":false},"author":1,"featured_media":0,"parent":0,"menu_order":0,"comment_status":"closed","ping_status":"closed","template":"","meta":{"_acf_changed":false,"footnotes":""},"class_list":["post-42","page","type-page","status-publish","hentry"],"acf":[],"_links":{"self":[{"href":"https:\/\/mepglobal.com.tr\/en\/wp-json\/wp\/v2\/pages\/42"}],"collection":[{"href":"https:\/\/mepglobal.com.tr\/en\/wp-json\/wp\/v2\/pages"}],"about":[{"href":"https:\/\/mepglobal.com.tr\/en\/wp-json\/wp\/v2\/types\/page"}],"author":[{"embeddable":true,"href":"https:\/\/mepglobal.com.tr\/en\/wp-json\/wp\/v2\/users\/1"}],"replies":[{"embeddable":true,"href":"https:\/\/mepglobal.com.tr\/en\/wp-json\/wp\/v2\/comments?post=42"}],"version-history":[{"count":20,"href":"https:\/\/mepglobal.com.tr\/en\/wp-json\/wp\/v2\/pages\/42\/revisions"}],"predecessor-version":[{"id":559,"href":"https:\/\/mepglobal.com.tr\/en\/wp-json\/wp\/v2\/pages\/42\/revisions\/559"}],"wp:attachment":[{"href":"https:\/\/mepglobal.com.tr\/en\/wp-json\/wp\/v2\/media?parent=42"}],"curies":[{"name":"wp","href":"https:\/\/api.w.org\/{rel}","templated":true}]}}